{"id":23,"date":"2018-06-12T10:12:51","date_gmt":"2018-06-12T07:12:51","guid":{"rendered":"http:\/\/172.16.16.48\/?page_id=23"},"modified":"2019-05-20T13:21:05","modified_gmt":"2019-05-20T10:21:05","slug":"iletisim","status":"publish","type":"page","link":"https:\/\/ides.idu.edu.tr\/en\/iletisim\/","title":{"rendered":"Contact"},"content":{"rendered":"<p><strong>E-mail:<\/strong> ides[at]idu.edu.tr , iduides[at]gmail.com<\/p>\n<p style=\"text-align: left;\"><strong>Address:<\/strong><br \/>\n\u0130zmir Demokrasi \u00dcniversitesi<\/p>\n<p style=\"text-align: left;\">G\u00fcrsel Aksel Bulvar\u0131<br \/>\nNo:14 \u00dc\u00e7kuyular\/Karaba\u011flar<br \/>\n\u0130zmir \/ TURKEY<\/p>\n<p style=\"text-align: left;\"><strong>Tel:<\/strong> +90 232 260 10 01<br \/>\n<iframe loading=\"lazy\" style=\"border: 0;\" src=\"https:\/\/www.google.com\/maps\/embed?pb=!1m18!1m12!1m3!1d781.76414097902!2d27.07369929650332!3d38.39394117675794!2m3!1f0!2f0!3f0!3m2!1i1024!2i768!4f13.1!3m3!1m2!1s0x14bbdc1c0b7b78af%3A0x59ca57d8ace5554e!2sIzmir+University+of+Democracy!5e0!3m2!1sen!2str!4v1528800828215\" width=\"600\" height=\"450\" frameborder=\"0\" allowfullscreen=\"allowfullscreen\"><\/iframe><\/p>\n<p><\/p>","protected":false},"excerpt":{"rendered":"<p>E-mail: ides[at]idu.edu.tr , iduides[at]gmail.com Address: \u0130zmir Demokrasi \u00dcniversitesi G\u00fcrsel Aksel Bulvar\u0131 No:14 \u00dc\u00e7kuyular\/Karaba\u011flar \u0130zmir \/ TURKEY Tel: +90 232 260 10 01<\/p>\n","protected":false},"author":1,"featured_media":0,"parent":0,"menu_order":0,"comment_status":"closed","ping_status":"closed","template":"","meta":{"footnotes":""},"class_list":["post-23","page","type-page","status-publish","hentry"],"_links":{"self":[{"href":"https:\/\/ides.idu.edu.tr\/en\/wp-json\/wp\/v2\/pages\/23","targetHints":{"allow":["GET"]}}],"collection":[{"href":"https:\/\/ides.idu.edu.tr\/en\/wp-json\/wp\/v2\/pages"}],"about":[{"href":"https:\/\/ides.idu.edu.tr\/en\/wp-json\/wp\/v2\/types\/page"}],"author":[{"embeddable":true,"href":"https:\/\/ides.idu.edu.tr\/en\/wp-json\/wp\/v2\/users\/1"}],"replies":[{"embeddable":true,"href":"https:\/\/ides.idu.edu.tr\/en\/wp-json\/wp\/v2\/comments?post=23"}],"version-history":[{"count":7,"href":"https:\/\/ides.idu.edu.tr\/en\/wp-json\/wp\/v2\/pages\/23\/revisions"}],"predecessor-version":[{"id":113,"href":"https:\/\/ides.idu.edu.tr\/en\/wp-json\/wp\/v2\/pages\/23\/revisions\/113"}],"wp:attachment":[{"href":"https:\/\/ides.idu.edu.tr\/en\/wp-json\/wp\/v2\/media?parent=23"}],"curies":[{"name":"wp","href":"https:\/\/api.w.org\/{rel}","templated":true}]}}