{"id":168,"date":"2019-06-27T09:50:38","date_gmt":"2019-06-27T06:50:38","guid":{"rendered":"http:\/\/ides.idu.edu.tr\/?page_id=168"},"modified":"2019-09-20T16:46:18","modified_gmt":"2019-09-20T13:46:18","slug":"kayit","status":"publish","type":"page","link":"https:\/\/ides.idu.edu.tr\/en\/abstract-submission\/kayit\/","title":{"rendered":"Registration"},"content":{"rendered":"<p><\/p>\n<h2><a href=\"http:\/\/ides1.idu.edu.tr\/yonetim\/index.php\"><strong>Click here for Symposium Registration&#8230;<\/strong><\/a><\/h2>\n<table>\n<tbody>\n<tr>\n<td><span style=\"font-weight: 400;\">\u00a0<\/span><\/td>\n<td><span style=\"font-weight: 400;\">\u00a0<\/span><\/td>\n<td><b>Early Bird Rgistration<\/b><\/p>\n<p><b>Until 25.09.2019<\/b><\/td>\n<td><b>Late<\/b><\/p>\n<p><b>Registration<\/b><\/p>\n<p><b>Later 25.09.2019<\/b><\/td>\n<\/tr>\n<tr>\n<td rowspan=\"3\"><b>\u00a0<\/b><\/p>\n<p><b>Participant from Turkey<\/b><\/td>\n<td><span style=\"font-weight: 400;\">Registration Fee<\/span><\/td>\n<td><span style=\"font-weight: 400;\">350 TL<\/span><\/td>\n<td><span style=\"font-weight: 400;\">400 TL<\/span><\/td>\n<\/tr>\n<tr>\n<td><span style=\"font-weight: 400;\">Student Registration Fee<\/span><\/td>\n<td><span style=\"font-weight: 400;\">300 TL<\/span><\/td>\n<td><span style=\"font-weight: 400;\">350 TL<\/span><\/td>\n<\/tr>\n<tr>\n<td><span style=\"font-weight: 400;\">Additional Fee *<\/span><\/td>\n<td><span style=\"font-weight: 400;\">150 TL<\/span><\/td>\n<td><span style=\"font-weight: 400;\">175 TL<\/span><\/td>\n<\/tr>\n<tr>\n<td rowspan=\"3\"><b>\u00a0<\/b><\/p>\n<p><b>Foreigner Partcipant<\/b><\/td>\n<td><span style=\"font-weight: 400;\">Registration Fee<\/span><\/td>\n<td><span style=\"font-weight: 400;\">100 \u20ac<\/span><\/td>\n<td><span style=\"font-weight: 400;\">125\u20ac<\/span><\/td>\n<\/tr>\n<tr>\n<td><span style=\"font-weight: 400;\">Student Registration Fee<\/span><\/td>\n<td><span style=\"font-weight: 400;\">50\u20ac<\/span><\/td>\n<td><span style=\"font-weight: 400;\">75\u20ac<\/span><\/td>\n<\/tr>\n<tr>\n<td><span style=\"font-weight: 400;\">Additional Paper*<\/span><\/td>\n<td><span style=\"font-weight: 400;\">25\u20ac<\/span><\/td>\n<td><span style=\"font-weight: 400;\">35 \u20ac<\/span><\/td>\n<\/tr>\n<\/tbody>\n<\/table>\n<p><span style=\"font-weight: 400;\">\u00a0<\/span><\/p>\n<p><span style=\"font-weight: 400;\">* Each participant can present only a paper within the registration fee. For each additional paper, 150 TL for participants from Turkey and 25\u20ac for foreigner participants are required to pay. One participant will be able to participate with maximum of 3 papers.<\/span><\/p>\n<p><span style=\"color: #ff0000;\">**\u00a0<\/span><span lang=\"en\" tabindex=\"0\"><span style=\"color: #ff0000;\">Registration fee includes lunches, coffee breaks, symposium promotions (symposium bag, pen, notepad, etc.), abstract book and full text book (if it is wanted).\u00a0<\/span><strong><span style=\"color: #ff0000;\">Please contact the symposium secretariat for learning publication requirements of the International Book Chapter publication.<\/span>\u00a0<\/strong><\/span><\/p>\n<p>Bank Account: \u00a0 \u00a0 \u00a0 \u00a0 Ziraat Bankas\u0131<\/p>\n<p>Branch Bank\u00a0\u00a0\u00a0 : Fahrettin Altay\/\u0130zmir Subesi<\/p>\n<p>Account Number: \u00a0 <span id=\"OBJ_PREFIX_DWT80_com_zimbra_phone\" class=\"Object\" role=\"link\">1533-83297832-5012<\/span><\/p>\n<p>Account Name:\u00a0\u0130zmir Demokrasi \u00dcniversitesi Uluslararas\u0131 Tasar\u0131m ve M\u00fchendislik Sempozyumu<\/p>\n<p>IBAN\u00a0 : \u00a0 \u00a0 \u00a0\u00a0 TR76 <span id=\"OBJ_PREFIX_DWT81_com_zimbra_phone\" class=\"Object\" role=\"link\">0001 0015 3383 2978<\/span> 3250 12<\/p>","protected":false},"excerpt":{"rendered":"<p>Click here for Symposium Registration&#8230; \u00a0 \u00a0 Early Bird Rgistration Until 25.09.2019 Late Registration Later 25.09.2019 \u00a0 Participant from Turkey Registration Fee 350 TL 400 TL Student Registration Fee 300 TL 350 TL Additional Fee * 150 TL 175 TL \u00a0 Foreigner Partcipant Registration Fee 100 \u20ac 125\u20ac Student Registration Fee 50\u20ac 75\u20ac Additional Paper* [&hellip;]<\/p>\n","protected":false},"author":1,"featured_media":0,"parent":56,"menu_order":0,"comment_status":"closed","ping_status":"closed","template":"","meta":{"footnotes":""},"class_list":["post-168","page","type-page","status-publish","hentry"],"_links":{"self":[{"href":"https:\/\/ides.idu.edu.tr\/en\/wp-json\/wp\/v2\/pages\/168","targetHints":{"allow":["GET"]}}],"collection":[{"href":"https:\/\/ides.idu.edu.tr\/en\/wp-json\/wp\/v2\/pages"}],"about":[{"href":"https:\/\/ides.idu.edu.tr\/en\/wp-json\/wp\/v2\/types\/page"}],"author":[{"embeddable":true,"href":"https:\/\/ides.idu.edu.tr\/en\/wp-json\/wp\/v2\/users\/1"}],"replies":[{"embeddable":true,"href":"https:\/\/ides.idu.edu.tr\/en\/wp-json\/wp\/v2\/comments?post=168"}],"version-history":[{"count":20,"href":"https:\/\/ides.idu.edu.tr\/en\/wp-json\/wp\/v2\/pages\/168\/revisions"}],"predecessor-version":[{"id":245,"href":"https:\/\/ides.idu.edu.tr\/en\/wp-json\/wp\/v2\/pages\/168\/revisions\/245"}],"up":[{"embeddable":true,"href":"https:\/\/ides.idu.edu.tr\/en\/wp-json\/wp\/v2\/pages\/56"}],"wp:attachment":[{"href":"https:\/\/ides.idu.edu.tr\/en\/wp-json\/wp\/v2\/media?parent=168"}],"curies":[{"name":"wp","href":"https:\/\/api.w.org\/{rel}","templated":true}]}}