{"id":143,"date":"2019-06-17T16:32:38","date_gmt":"2019-06-17T13:32:38","guid":{"rendered":"http:\/\/ides.idu.edu.tr\/?page_id=143"},"modified":"2019-06-28T10:29:09","modified_gmt":"2019-06-28T07:29:09","slug":"duzenleme-kurulu","status":"publish","type":"page","link":"https:\/\/ides.idu.edu.tr\/en\/kurullar\/duzenleme-kurulu\/","title":{"rendered":"Organizing Committee"},"content":{"rendered":"<p><b>Honorary President<\/b><\/p>\n<p><span style=\"font-weight: 400;\">Prof. Dr. Bedriye Tun\u00e7siper (Rector of Izmir Democracy University)<\/span><\/p>\n<p>&nbsp;<\/p>\n<p><b>Organizing Committee<\/b><\/p>\n<p><span style=\"font-weight: 400;\">Prof. Dr. Hakan Doygun (Chair of the Organizing Committee)<\/span><\/p>\n<p><span style=\"font-weight: 400;\">Prof. Dr. Gaye Birol<\/span><\/p>\n<p><span style=\"font-weight: 400;\">Prof. Dr. Mustafa Kocakulak<\/span><\/p>\n<p><span style=\"font-weight: 400;\">Prof. Dr. Zuhal Oktay Co\u015fkun<\/span><\/p>\n<p><span style=\"font-weight: 400;\">Assoc. Prof. Dr. Asl\u0131 G\u00fcne\u015f<\/span><\/p>\n<p><span style=\"font-weight: 400;\">Assoc. Prof. Dr. Bedriye As\u0131mgil<\/span><\/p>\n<p><span style=\"font-weight: 400;\">Assoc. Prof. Dr. U\u011fur \u00c7avdar<\/span><\/p>\n<p><span style=\"font-weight: 400;\">Assist. Prof. Dr. Feral Ge\u00e7er Sarg\u0131n<\/span><\/p>\n<p><span style=\"font-weight: 400;\">Assist. Prof. Dr. P\u0131nar \u00c7avdar<\/span><\/p>\n<p><span style=\"font-weight: 400;\">Assist. Prof. Dr. Zeynel Abidin \u00c7il<\/span><\/p>\n<p>&nbsp;<\/p>\n<p><b>Secretariat<\/b><\/p>\n<p><span style=\"font-weight: 400;\">Assoc. Prof. Dr. Nurdan Erdo\u011fan<\/span><\/p>\n<p><span style=\"font-weight: 400;\">Assist. Prof. Dr. \u00dcyesi Ba\u015fak Esin K\u00f6kt\u00fcrk G\u00fczel<\/span><\/p>\n<p><span style=\"font-weight: 400;\">Res. Assist. Su Kardelen Erdo\u011fan<\/span><\/p>","protected":false},"excerpt":{"rendered":"<p>Honorary President Prof. Dr. Bedriye Tun\u00e7siper (Rector of Izmir Democracy University) &nbsp; Organizing Committee Prof. Dr. Hakan Doygun (Chair of the Organizing Committee) Prof. Dr. Gaye Birol Prof. Dr. Mustafa Kocakulak Prof. Dr. Zuhal Oktay Co\u015fkun Assoc. Prof. Dr. Asl\u0131 G\u00fcne\u015f Assoc. Prof. Dr. Bedriye As\u0131mgil Assoc. Prof. Dr. U\u011fur \u00c7avdar Assist. Prof. Dr. Feral [&hellip;]<\/p>\n","protected":false},"author":1,"featured_media":0,"parent":140,"menu_order":0,"comment_status":"closed","ping_status":"closed","template":"","meta":{"footnotes":""},"class_list":["post-143","page","type-page","status-publish","hentry"],"_links":{"self":[{"href":"https:\/\/ides.idu.edu.tr\/en\/wp-json\/wp\/v2\/pages\/143","targetHints":{"allow":["GET"]}}],"collection":[{"href":"https:\/\/ides.idu.edu.tr\/en\/wp-json\/wp\/v2\/pages"}],"about":[{"href":"https:\/\/ides.idu.edu.tr\/en\/wp-json\/wp\/v2\/types\/page"}],"author":[{"embeddable":true,"href":"https:\/\/ides.idu.edu.tr\/en\/wp-json\/wp\/v2\/users\/1"}],"replies":[{"embeddable":true,"href":"https:\/\/ides.idu.edu.tr\/en\/wp-json\/wp\/v2\/comments?post=143"}],"version-history":[{"count":3,"href":"https:\/\/ides.idu.edu.tr\/en\/wp-json\/wp\/v2\/pages\/143\/revisions"}],"predecessor-version":[{"id":176,"href":"https:\/\/ides.idu.edu.tr\/en\/wp-json\/wp\/v2\/pages\/143\/revisions\/176"}],"up":[{"embeddable":true,"href":"https:\/\/ides.idu.edu.tr\/en\/wp-json\/wp\/v2\/pages\/140"}],"wp:attachment":[{"href":"https:\/\/ides.idu.edu.tr\/en\/wp-json\/wp\/v2\/media?parent=143"}],"curies":[{"name":"wp","href":"https:\/\/api.w.org\/{rel}","templated":true}]}}