{"id":136,"date":"2019-06-17T16:09:54","date_gmt":"2019-06-17T13:09:54","guid":{"rendered":"http:\/\/ides.idu.edu.tr\/?page_id=136"},"modified":"2019-09-16T10:37:43","modified_gmt":"2019-09-16T07:37:43","slug":"bilim-kurulu","status":"publish","type":"page","link":"https:\/\/ides.idu.edu.tr\/en\/kurullar\/bilim-kurulu\/","title":{"rendered":"Scientific Commitee"},"content":{"rendered":"<p><span style=\"font-weight: 400;\">Ali G\u00fcng\u00f6r, Prof. Dr., Ege University, Department of Mechanical Engineering<\/span><\/p>\n<p><span style=\"font-weight: 400;\">Aytun\u00e7 Erek, Prof. Dr., Dokuz Eyl\u00fcl University, Department of Mechanical Engineering<\/span><\/p>\n<p><span style=\"font-weight: 400;\">Arif Hepba\u015fl\u0131, Prof. Dr., Ya\u015far University, Department of Energy Systems Engineering<\/span><\/p>\n<p><span style=\"font-weight: 400;\">Beg\u00fcm Sertye\u015fil\u0131\u015f\u0131k, Prof. Dr.,Izmir Democracy University Department of Architecture<\/span><\/p>\n<p><span style=\"font-weight: 400;\">Berrin Akg\u00fcn, Prof. Dr., Bal\u0131kesir University, Department of Architecture<\/span><\/p>\n<p><span style=\"font-weight: 400;\">Berrin Tansel, Prof. Dr., Florida International University, Department of Environmental Engineering<\/span><\/p>\n<p><span style=\"font-weight: 400;\">Cengiz Acar, Prof. Dr., Karadeniz Technical University, Department of Landscape Architecture<\/span><\/p>\n<p><span style=\"font-weight: 400;\">Deniz G\u00fcner, Prof. Dr., Dokuz Eyl\u00fcl University, Department of Architecture<\/span><\/p>\n<p><span style=\"font-weight: 400;\">Hayriye E\u015fbah, Prof. Dr., Istanbul Technical University, Department of Landscape Architecture<\/span><\/p>\n<p><span style=\"font-weight: 400;\">Hilal G\u00f6kta\u015f, Prof.Dr., TOBB University of Economics&amp;Technology, Department of Biomedical Engineering<\/span><\/p>\n<p><span style=\"font-weight: 400;\">H\u00fcseyin G\u00fcnerhan, Prof. Dr., Ege University, Department of Mechanical Engineering<\/span><\/p>\n<p><span style=\"font-weight: 400;\">\u0130brahim Tansel, Prof. Dr., Florida International University, Department of Mechanical and Materials Engineering<\/span><\/p>\n<p><span style=\"font-weight: 400;\">Mehmet Ali Yurdusev, Prof. Dr., Celal Bayar University, Department of Civil Engineering<\/span><\/p>\n<p><span style=\"font-weight: 400;\">Mehmet Mutlu, Prof.Dr., TOBB University of Economics&amp;Technology, Department of Biomedical Engineering<\/span><\/p>\n<p><span style=\"font-weight: 400;\">Sinan Akg\u00f6l, Prof. Dr., Ege University, Department of Biochemistry<\/span><\/p>\n<p><span style=\"font-weight: 400;\">Tanay Biri\u015fci, Prof. Dr., Ege University, Department of Landscape Architecture<\/span><\/p>\n<p><span style=\"font-weight: 400;\">Veli Orta\u00e7e\u015fme, Prof. Dr., Akdeniz University, Department of Landscape Architecture<\/span><\/p>\n<p><span style=\"font-weight: 400;\">Yeliz Y\u00fckselen AKSOY, Prof. Dr., Dokuz Eyl\u00fcl University, Department of Civil Engineering<\/span><\/p>\n<p><span style=\"font-weight: 400;\">Ali Demir, Assoc. Prof. Dr., Celal Bayar University, Department of Civil Engineering<\/span><\/p>\n<p><span style=\"font-weight: 400;\">Can \u00d6zg\u00fcr Colpan, Assoc. Prof. Dr., Dokuz Eyl\u00fcl University, Department of Mechanical Engineering<\/span><\/p>\n<p><span style=\"font-weight: 400;\">Cengiz Ko\u00e7um, Assoc. Prof. Dr., Ba\u015fkent University, Department of Biomedical Engineering<\/span><\/p>\n<p><span style=\"font-weight: 400;\">Eren \u00d6zceylan, Assoc. Prof. Dr., Gaziantep University, Department of Industrial Engineering<\/span><\/p>\n<p><span style=\"font-weight: 400;\">Erkan \u00c7elik, Assoc. Prof. Dr., Munzur University, Department of Industrial Engineering<\/span><\/p>\n<p><span style=\"font-weight: 400;\">Kadir G\u00f6k, Assoc. Prof. Dr., <\/span><span style=\"font-weight: 400;\">Celal Bayar <\/span><span style=\"font-weight: 400;\">University<\/span><span style=\"font-weight: 400;\">, <\/span><span style=\"font-weight: 400;\">Department of Mechanical Engineering<\/span><\/p>\n<p><span style=\"font-weight: 400;\">Muhammet G\u00fcl, Assoc. Prof. Dr., Munzur University, Department of Industrial Engineering<\/span><\/p>\n<p><span style=\"font-weight: 400;\">Sema Ala\u00e7am, Assoc. Prof., Istanbul Technical University, Department of Architecture<\/span><\/p>\n<p><span style=\"font-weight: 400;\">Sennur Akansel, Assoc. Prof. Dr., Trakya University, Department of Architecture<\/span><\/p>\n<p>Bar\u0131\u015f B\u0131d\u0131kl\u0131, <span style=\"font-weight: 400;\">Asst. Prof.<\/span>, \u0130zmir Katip \u00c7elebi University, Mechanical Engineering<\/p>\n<p>\u00c7a\u011flar Ko\u015fun, <span style=\"font-weight: 400;\">Asst. Prof.,\u00a0<\/span>Ondokuz May\u0131s University Department of City and Regional Planning<\/p>\n<p><span style=\"font-weight: 400;\">Dalya Hazar, Asst. Prof., Pamukkale University Department of City and Regional Planning<\/span><\/p>\n<p><span style=\"font-weight: 400;\">Esra Aycan Beyaz\u0131t,\u00a0Asst. Prof. Dr., Katip \u00c7elebi University, Department of Electrical and Electronics Engineering<\/span><\/p>\n<p><span style=\"font-weight: 400;\">Hasan Burak \u00c7avka, Asst. Prof., Ya\u015far University, Department of Architecture<\/span><\/p>\n<p><span style=\"font-weight: 400;\">Murat \u015eim\u015fek, Asst. Prof., \u0130n\u00f6n\u00fc University, Department of Biomedical Engineering<\/span><\/p>\n<p><span style=\"font-weight: 400;\">S\u00fcleyman Mete, Asst. Prof., Munzur University, Department of Industrial Engineering<\/span><\/p>\n<p><span style=\"font-weight: 400;\">I\u015f\u0131n Can Traunmueller, Dr., Izmir Institute of Technology Department of City and Regional Planning<\/span><\/p>\n<p><span style=\"font-weight: 400;\">Mariana Golumbeanu, Dr., Balkan Environmental Association (BENA)<\/span><\/p>\n<p><span style=\"font-weight: 400;\">Oktay Karaku\u015f, Dr., University of Bristol, Department of Electrical and Electronics Engineering<\/span><\/p>\n<p>\u00d6m\u00fcr Sayg\u0131n, Dr.,\u00a0Izmir Institute of Technology <span style=\"font-weight: 400;\">Department of City and Regional Planning<\/span><\/p>\n<p>Sabelo Goniwe-Mahlangu, Dr., Presidential Infrastructure Coordination Commission (PICC)<\/p>\n<p><span style=\"font-weight: 400;\">Zixiang Li, Dr., \u00a0\u00a0Wuhan University of Science and Technology, Department of Industrial Engineering<\/span><\/p>\n<p>&nbsp;<\/p>\n<p>* Placement has been alphabetically made according to title.<\/p>","protected":false},"excerpt":{"rendered":"<p>Ali G\u00fcng\u00f6r, Prof. Dr., Ege University, Department of Mechanical Engineering Aytun\u00e7 Erek, Prof. Dr., Dokuz Eyl\u00fcl University, Department of Mechanical Engineering Arif Hepba\u015fl\u0131, Prof. Dr., Ya\u015far University, Department of Energy Systems Engineering Beg\u00fcm Sertye\u015fil\u0131\u015f\u0131k, Prof. Dr.,Izmir Democracy University Department of Architecture Berrin Akg\u00fcn, Prof. Dr., Bal\u0131kesir University, Department of Architecture Berrin Tansel, Prof. Dr., Florida [&hellip;]<\/p>\n","protected":false},"author":1,"featured_media":0,"parent":140,"menu_order":0,"comment_status":"closed","ping_status":"closed","template":"","meta":{"footnotes":""},"class_list":["post-136","page","type-page","status-publish","hentry"],"_links":{"self":[{"href":"https:\/\/ides.idu.edu.tr\/en\/wp-json\/wp\/v2\/pages\/136","targetHints":{"allow":["GET"]}}],"collection":[{"href":"https:\/\/ides.idu.edu.tr\/en\/wp-json\/wp\/v2\/pages"}],"about":[{"href":"https:\/\/ides.idu.edu.tr\/en\/wp-json\/wp\/v2\/types\/page"}],"author":[{"embeddable":true,"href":"https:\/\/ides.idu.edu.tr\/en\/wp-json\/wp\/v2\/users\/1"}],"replies":[{"embeddable":true,"href":"https:\/\/ides.idu.edu.tr\/en\/wp-json\/wp\/v2\/comments?post=136"}],"version-history":[{"count":16,"href":"https:\/\/ides.idu.edu.tr\/en\/wp-json\/wp\/v2\/pages\/136\/revisions"}],"predecessor-version":[{"id":228,"href":"https:\/\/ides.idu.edu.tr\/en\/wp-json\/wp\/v2\/pages\/136\/revisions\/228"}],"up":[{"embeddable":true,"href":"https:\/\/ides.idu.edu.tr\/en\/wp-json\/wp\/v2\/pages\/140"}],"wp:attachment":[{"href":"https:\/\/ides.idu.edu.tr\/en\/wp-json\/wp\/v2\/media?parent=136"}],"curies":[{"name":"wp","href":"https:\/\/api.w.org\/{rel}","templated":true}]}}